{"id":349,"date":"2023-06-13T15:14:50","date_gmt":"2023-06-13T14:14:50","guid":{"rendered":"https:\/\/aeteos.com\/?page_id=349"},"modified":"2024-11-14T00:33:22","modified_gmt":"2024-11-13T23:33:22","slug":"privacy-policy","status":"publish","type":"page","link":"https:\/\/aeteos.com\/index.php\/privacy-policy\/","title":{"rendered":"Privacy Policy"},"content":{"rendered":"<p>[et_pb_section fb_built=\u00a0\u00bb1&Prime; _builder_version=\u00a0\u00bb4.20.4&Prime; _module_preset=\u00a0\u00bbdefault\u00a0\u00bb global_colors_info=\u00a0\u00bb{}\u00a0\u00bb][et_pb_row _builder_version=\u00a0\u00bb4.27.2&Prime; _module_preset=\u00a0\u00bbdefault\u00a0\u00bb min_height=\u00a0\u00bb1930.1px\u00a0\u00bb hover_enabled=\u00a0\u00bb0&Prime; global_colors_info=\u00a0\u00bb{}\u00a0\u00bb sticky_enabled=\u00a0\u00bb0&Prime;][et_pb_column type=\u00a0\u00bb4_4&Prime; _builder_version=\u00a0\u00bb4.20.4&Prime; _module_preset=\u00a0\u00bbdefault\u00a0\u00bb global_colors_info=\u00a0\u00bb{}\u00a0\u00bb][et_pb_text _builder_version=\u00a0\u00bb4.27.2&Prime; _module_preset=\u00a0\u00bbdefault\u00a0\u00bb hover_enabled=\u00a0\u00bb0&Prime; global_colors_info=\u00a0\u00bb{}\u00a0\u00bb sticky_enabled=\u00a0\u00bb0&Prime;]<\/p>\n<h1>Privacy Policy<\/h1>\n<p>[\/et_pb_text][et_pb_text _builder_version=\u00a0\u00bb4.21.0&Prime; _module_preset=\u00a0\u00bbdefault\u00a0\u00bb global_colors_info=\u00a0\u00bb{}\u00a0\u00bb]<\/p>\n<p><strong>ENGLISH Version<\/strong><\/p>\n<p>Last update\u00a0: June 2023<\/p>\n<p>&nbsp;<\/p>\n<p><strong>1. Site Owner and Data Controller <\/strong><\/p>\n<p>The owner of the website https:\/\/aeteos.com (the \u00ab\u00a0Site\u00a0\u00bb) is the company Aeteos SAS, whose registered address is at 633 rue Nationale, Contoire-Hamel, 80500 Trois-Rivi\u00e8res, France, registered with the RCS of Amiens under the number 914 743 984 (\u00ab\u00a0Aeteos\u00a0\u00bb or \u00ab\u00a0Us\u00a0\u00bb). Aeteos is also the data controller of your personal data (the \u00ab\u00a0Personal Data\u00a0\u00bb).<\/p>\n<p>&nbsp;<\/p>\n<p><strong>2. Types of Personal Data Processed <\/strong><\/p>\n<p>Aeteos processes Personal Data in strict compliance with French and European laws and regulations on data protection, including the provisions of the law n\u00b0 78-17 of January 6, 1978 known as \u00ab\u00a0Informatique et Libert\u00e9s\u00a0\u00bb and those of Regulation n\u1d52 2016\/679 of April 27, 2016 on data protection (GDPR).<\/p>\n<p>By using the Site, you authorize the processing of Personal Data, as described in this Privacy Policy.<\/p>\n<p>The types of Personal Data that we may process are as follows: Identity-related data (First and last names) and Communication-related data (Email addresses)<\/p>\n<p>&nbsp;<\/p>\n<p><strong>3. Legal basis for processing Personal Data <\/strong><\/p>\n<p>The legal bases for our processing of your Personal Data are as follows:<\/p>\n<p>Legitimate interests: the processing is necessary for the pursuit of Aeteos\u2019s legitimate interests (making contact with customers and prospects), in strict respect of the rights and interests of the individuals whose Personal Data are processed.<\/p>\n<p>&nbsp;<\/p>\n<p><strong>4. Access to Personal Data<\/strong><\/p>\n<p>Aeteos implements all appropriate technical and organizational measures to guarantee the confidentiality of the Personal Data collected and processed and a level of security adapted to the risk, taking into consideration the evolution of technologies, implementation costs, the nature of the data to be protected as well as the risks to the rights and freedoms of individuals. We limit access to your Personal Data to employees, agents, subcontractors, and other third parties with a strict need to know. They will only process your Personal Data on our instructions and are subject to a duty of confidentiality.<\/p>\n<p>We do not sell or rent collected data to third parties.<\/p>\n<p>When the law allows or requires it, we reserve the right to disclose Personal Data to respond to legal or investigatory requests.<\/p>\n<p>Moreover, in case of sale or purchase of our business or assets, we reserve the right to share the collected data with the seller or the buyer.<\/p>\n<p>&nbsp;<\/p>\n<p><strong>5. Personal Data Retention Period<\/strong><\/p>\n<p>Aeteos retains Personal Data only for the time period necessary for the purposes for which they were collected and in compliance with applicable law and regulation. Unless otherwise requested by the individual concerned, his\/her Personal Data is kept for three (3) years from his\/her last purchase or contact.<\/p>\n<p>&nbsp;<\/p>\n<p><strong>6. Cookies<\/strong><\/p>\n<p>Our Site does not use cookies.<\/p>\n<p>&nbsp;<\/p>\n<p><strong>7. Your Rights<\/strong><\/p>\n<p>You can access your Personal Data and\/or request its rectification or deletion. You also have a right to portability and a right to limit the processing of your Personal Data. Visit the site cnil.fr for more information about your rights.<\/p>\n<p>To exercise these rights or for any question about the processing of your Personal Data, or if you no longer wish to receive communications from us (exercise of the right to object or withdrawal previously-given consent), please contact us.<\/p>\n<p>If you believe, after contacting us, that your personal data protection rights have not been respected, you can file a complaint online with the CNIL.<\/p>\n<p>[\/et_pb_text][\/et_pb_column][\/et_pb_row][et_pb_row _builder_version=\u00a0\u00bb4.27.2&Prime; _module_preset=\u00a0\u00bbdefault\u00a0\u00bb hover_enabled=\u00a0\u00bb0&Prime; global_colors_info=\u00a0\u00bb{}\u00a0\u00bb sticky_enabled=\u00a0\u00bb0&Prime;][et_pb_column type=\u00a0\u00bb4_4&Prime; _builder_version=\u00a0\u00bb4.20.4&Prime; _module_preset=\u00a0\u00bbdefault\u00a0\u00bb global_colors_info=\u00a0\u00bb{}\u00a0\u00bb][et_pb_text _builder_version=\u00a0\u00bb4.27.2&Prime; _module_preset=\u00a0\u00bbdefault\u00a0\u00bb hover_enabled=\u00a0\u00bb0&Prime; global_colors_info=\u00a0\u00bb{}\u00a0\u00bb sticky_enabled=\u00a0\u00bb0&Prime;]<\/p>\n<h2>Politique de confidentialit\u00e9<\/h2>\n<p>[\/et_pb_text][et_pb_text _builder_version=\u00a0\u00bb4.21.0&Prime; _module_preset=\u00a0\u00bbdefault\u00a0\u00bb global_colors_info=\u00a0\u00bb{}\u00a0\u00bb]<\/p>\n<p><strong>Version FRANCAISE<\/strong><\/p>\n<p>Derni\u00e8re mise-\u00e0-jour : Juin 2023<\/p>\n<p>&nbsp;<\/p>\n<p><strong>1. Propri\u00e9taire du Site et Responsable de traitement<\/strong><\/p>\n<p>Le propri\u00e9taire du site internet https:\/\/aeteos.com (le \u00ab\u00a0Site\u00a0\u00bb) est la soci\u00e9t\u00e9 Aeteos SAS, dont le si\u00e8ge social est au 633 rue Nationale, Contoire-Hamel, 80500 Trois-Rivi\u00e8res, France, immatricul\u00e9e RCS Amiens sous le num\u00e9ro 914\u00a0743\u00a0984 (\u00ab\u00a0Aeteos\u00a0\u00bb ou \u00ab\u00a0Nous\u00a0\u00bb). <\/p>\n<p>Aeteos est \u00e9galement le responsable de traitement de vos donn\u00e9es \u00e0 caract\u00e8re personnel (les \u00ab\u00a0Donn\u00e9es Personnelles\u00a0\u00bb).<\/p>\n<p>&nbsp;<\/p>\n<p><strong>2. Les types de Donn\u00e9es Personnelles trait\u00e9es<\/strong><\/p>\n<p>Aeteos\u00a0traite les Donn\u00e9es Personnelles dans le strict respect des lois et r\u00e9glementations fran\u00e7aises et europ\u00e9ennes sur la protection des donn\u00e9es, notamment les dispositions de la loi n\u00b0 78-17 du 6 janvier 1978 dite \u00ab\u00a0Informatique et Libert\u00e9s \u00bb et celles du R\u00e8glement n\u1d52 2016\/679 du 27 avril 2016 sur la protection des donn\u00e9es.<\/p>\n<p>En utilisant le Site, vous autorisez le traitement des Donn\u00e9es Personnelles, comme d\u00e9crit dans la pr\u00e9sente Politique de Confidentialit\u00e9.<\/p>\n<p>Les types de Donn\u00e9es Personnelles que nous sommes amen\u00e9s \u00e0 traiter sont les suivantes : Donn\u00e9es relatives \u00e0 l\u2019identit\u00e9 (Noms, pr\u00e9noms et similaires) et Donn\u00e9es relatives \u00e0 la communication (Adresses email)<\/p>\n<p>&nbsp;<\/p>\n<p><strong>3. Les bases l\u00e9gales de traitement des Donn\u00e9es Personnelles <\/strong><\/p>\n<p>Les bases l\u00e9gales de notre traitement de vos Donn\u00e9es Personnelles sont les suivantes\u00a0: <\/p>\n<p>l\u2019int\u00e9r\u00eat l\u00e9gitime : le traitement est n\u00e9cessaire \u00e0 la poursuite d\u2019int\u00e9r\u00eats l\u00e9gitimes d\u2019Aeteos (prise de contact avec clients et prospects), dans le strict respect des droits et int\u00e9r\u00eats des personnes dont les Donn\u00e9es Personnelles sont trait\u00e9es.<\/p>\n<p>&nbsp;<\/p>\n<p><strong>4. L\u2019acc\u00e8s aux Donn\u00e9es Personnelles<\/strong><\/p>\n<p>Compte tenu de l\u2019\u00e9volution des technologies, des co\u00fbts de mise en \u0153uvre, de la nature des donn\u00e9es \u00e0 prot\u00e9ger ainsi que des risques pour les droits et libert\u00e9s des personnes, Aeteos met en \u0153uvre toutes les mesures techniques et organisationnelles appropri\u00e9es afin de garantir la confidentialit\u00e9 des Donn\u00e9es Personnelles collect\u00e9es et trait\u00e9es et un niveau de s\u00e9curit\u00e9 adapt\u00e9 au risque. Nous limitons l&rsquo;acc\u00e8s \u00e0 vos Donn\u00e9es Personnelles aux employ\u00e9s, agents, sous-traitants et autres tiers qui ont strictement besoin de les conna\u00eetre. Ils ne traiteront vos Donn\u00e9es Personnelles que sur nos instructions et sont soumis \u00e0 un devoir de confidentialit\u00e9.<\/p>\n<p>Nous ne vendons pas ou ne louons pas les donn\u00e9es collect\u00e9es \u00e0 des tiers \u00e0 des fins marketing.<\/p>\n<p>Lorsque la loi l\u2019autorise ou l\u2019impose, nous pouvons communiquer ces donn\u00e9es afin de r\u00e9pondre \u00e0 toute r\u00e9clamation, demande en justice ou enqu\u00eate. <br \/>En outre, en cas de vente ou d\u2019achat d\u2019une entreprise ou d\u2019actifs, nous nous r\u00e9servons le droit de partager les donn\u00e9es collect\u00e9es avec le vendeur ou l\u2019acheteur de cette entreprise ou de ces actifs. <\/p>\n<p>&nbsp;<\/p>\n<p><strong>5. La dur\u00e9e de conservation des Donn\u00e9es Personnelles<\/strong><\/p>\n<p>Aeteos ne conserve les Donn\u00e9es Personnelles que pendant le temps n\u00e9cessaire aux op\u00e9rations pour lesquelles elles ont \u00e9t\u00e9 collect\u00e9es et dans le respect des obligations l\u00e9gales ou r\u00e9glementaires en vigueur. Sauf demande contraire de la part de la personne concern\u00e9e, ses Donn\u00e9es Personnelles sont conserv\u00e9es pendant trois (3) ans \u00e0 compter de son dernier achat ou prise de contact.<\/p>\n<p>&nbsp;<\/p>\n<p><strong>6. Cookies (traceurs)<\/strong><\/p>\n<p>Notre Site n\u2019utilise pas des cookies (traceurs).<\/p>\n<p>&nbsp;<\/p>\n<p><strong>7. Vos droits<\/strong><\/p>\n<p>Vous pouvez acc\u00e9der aux donn\u00e9es vous concernant, les rectifier ou les faire effacer. Vous disposez \u00e9galement d&rsquo;un droit \u00e0 la portabilit\u00e9 et d\u2019un droit \u00e0 la limitation du traitement de vos Donn\u00e9es Personnelles. Consultez le site\u00a0cnil.fr pour plus d\u2019informations sur vos droits.<\/p>\n<p>Pour exercer ces droits ou pour toute question sur le traitement de vos donn\u00e9es Donn\u00e9es Personnelles, ou si vous ne souhaitez plus recevoir des communications de notre part (exercice du droit d\u2019opposition ou retrait d\u2019un consentement d\u00e9j\u00e0 donn\u00e9), contactez-nous.<\/p>\n<p>Si vous estimez, apr\u00e8s nous avoir contact\u00e9s, que vos droits \u00ab\u00a0Informatique et Libert\u00e9s\u00a0\u00bb ne sont pas respect\u00e9s, vous pouvez adresser une r\u00e9clamation en ligne \u00e0 la CNIL. <\/p>\n<p>[\/et_pb_text][\/et_pb_column][\/et_pb_row][\/et_pb_section]<\/p>\n","protected":false},"excerpt":{"rendered":"<p>Privacy PolicyENGLISH Version Last update\u00a0: June 2023 &nbsp; 1. Site Owner and Data Controller The owner of the website https:\/\/aeteos.com (the \u00ab\u00a0Site\u00a0\u00bb) is the company Aeteos SAS, whose registered address is at 633 rue Nationale, Contoire-Hamel, 80500 Trois-Rivi\u00e8res, France, registered with the RCS of Amiens under the number 914 743 984 (\u00ab\u00a0Aeteos\u00a0\u00bb or \u00ab\u00a0Us\u00a0\u00bb). Aeteos [&hellip;]<\/p>\n","protected":false},"author":2,"featured_media":0,"parent":0,"menu_order":0,"comment_status":"closed","ping_status":"closed","template":"","meta":{"_et_pb_use_builder":"on","_et_pb_old_content":"","_et_gb_content_width":"","footnotes":""},"class_list":["post-349","page","type-page","status-publish","hentry"],"yoast_head":"<!-- This site is optimized with the Yoast SEO plugin v27.3 - https:\/\/yoast.com\/product\/yoast-seo-wordpress\/ -->\n<title>Privacy Policy - Aeteos<\/title>\n<meta name=\"robots\" content=\"index, follow, max-snippet:-1, max-image-preview:large, max-video-preview:-1\" \/>\n<link rel=\"canonical\" href=\"https:\/\/aeteos.com\/index.php\/privacy-policy\/\" \/>\n<meta property=\"og:locale\" content=\"fr_FR\" \/>\n<meta property=\"og:type\" content=\"article\" \/>\n<meta property=\"og:title\" content=\"Privacy Policy - Aeteos\" \/>\n<meta property=\"og:description\" content=\"Privacy PolicyENGLISH Version Last update\u00a0: June 2023 &nbsp; 1. Site Owner and Data Controller The owner of the website https:\/\/aeteos.com (the &quot;Site&quot;) is the company Aeteos SAS, whose registered address is at 633 rue Nationale, Contoire-Hamel, 80500 Trois-Rivi\u00e8res, France, registered with the RCS of Amiens under the number 914 743 984 (&quot;Aeteos&quot; or &quot;Us&quot;). Aeteos [&hellip;]\" \/>\n<meta property=\"og:url\" content=\"https:\/\/aeteos.com\/index.php\/privacy-policy\/\" \/>\n<meta property=\"og:site_name\" content=\"Aeteos\" \/>\n<meta property=\"article:modified_time\" content=\"2024-11-13T23:33:22+00:00\" \/>\n<meta name=\"twitter:card\" content=\"summary_large_image\" \/>\n<meta name=\"twitter:label1\" content=\"Dur\u00e9e de lecture estim\u00e9e\" \/>\n\t<meta name=\"twitter:data1\" content=\"7 minutes\" \/>\n<script type=\"application\/ld+json\" class=\"yoast-schema-graph\">{\"@context\":\"https:\\\/\\\/schema.org\",\"@graph\":[{\"@type\":\"WebPage\",\"@id\":\"https:\\\/\\\/aeteos.com\\\/index.php\\\/privacy-policy\\\/\",\"url\":\"https:\\\/\\\/aeteos.com\\\/index.php\\\/privacy-policy\\\/\",\"name\":\"Privacy Policy - Aeteos\",\"isPartOf\":{\"@id\":\"https:\\\/\\\/aeteos.com\\\/#website\"},\"datePublished\":\"2023-06-13T14:14:50+00:00\",\"dateModified\":\"2024-11-13T23:33:22+00:00\",\"breadcrumb\":{\"@id\":\"https:\\\/\\\/aeteos.com\\\/index.php\\\/privacy-policy\\\/#breadcrumb\"},\"inLanguage\":\"fr-FR\",\"potentialAction\":[{\"@type\":\"ReadAction\",\"target\":[\"https:\\\/\\\/aeteos.com\\\/index.php\\\/privacy-policy\\\/\"]}]},{\"@type\":\"BreadcrumbList\",\"@id\":\"https:\\\/\\\/aeteos.com\\\/index.php\\\/privacy-policy\\\/#breadcrumb\",\"itemListElement\":[{\"@type\":\"ListItem\",\"position\":1,\"name\":\"Home\",\"item\":\"https:\\\/\\\/aeteos.com\\\/index.php\\\/fr\\\/accueil-2\\\/\"},{\"@type\":\"ListItem\",\"position\":2,\"name\":\"Privacy Policy\"}]},{\"@type\":\"WebSite\",\"@id\":\"https:\\\/\\\/aeteos.com\\\/#website\",\"url\":\"https:\\\/\\\/aeteos.com\\\/\",\"name\":\"Aeteos\",\"description\":\"D&#039;abord l&#039;Homme puis la machine\",\"publisher\":{\"@id\":\"https:\\\/\\\/aeteos.com\\\/#organization\"},\"potentialAction\":[{\"@type\":\"SearchAction\",\"target\":{\"@type\":\"EntryPoint\",\"urlTemplate\":\"https:\\\/\\\/aeteos.com\\\/?s={search_term_string}\"},\"query-input\":{\"@type\":\"PropertyValueSpecification\",\"valueRequired\":true,\"valueName\":\"search_term_string\"}}],\"inLanguage\":\"fr-FR\"},{\"@type\":\"Organization\",\"@id\":\"https:\\\/\\\/aeteos.com\\\/#organization\",\"name\":\"Aeteos\",\"url\":\"https:\\\/\\\/aeteos.com\\\/\",\"logo\":{\"@type\":\"ImageObject\",\"inLanguage\":\"fr-FR\",\"@id\":\"https:\\\/\\\/aeteos.com\\\/#\\\/schema\\\/logo\\\/image\\\/\",\"url\":\"https:\\\/\\\/aeteos.com\\\/wp-content\\\/uploads\\\/2023\\\/04\\\/cropped-Logo.jpg\",\"contentUrl\":\"https:\\\/\\\/aeteos.com\\\/wp-content\\\/uploads\\\/2023\\\/04\\\/cropped-Logo.jpg\",\"width\":512,\"height\":512,\"caption\":\"Aeteos\"},\"image\":{\"@id\":\"https:\\\/\\\/aeteos.com\\\/#\\\/schema\\\/logo\\\/image\\\/\"}}]}<\/script>\n<!-- \/ Yoast SEO plugin. -->","yoast_head_json":{"title":"Privacy Policy - Aeteos","robots":{"index":"index","follow":"follow","max-snippet":"max-snippet:-1","max-image-preview":"max-image-preview:large","max-video-preview":"max-video-preview:-1"},"canonical":"https:\/\/aeteos.com\/index.php\/privacy-policy\/","og_locale":"fr_FR","og_type":"article","og_title":"Privacy Policy - Aeteos","og_description":"Privacy PolicyENGLISH Version Last update\u00a0: June 2023 &nbsp; 1. Site Owner and Data Controller The owner of the website https:\/\/aeteos.com (the \"Site\") is the company Aeteos SAS, whose registered address is at 633 rue Nationale, Contoire-Hamel, 80500 Trois-Rivi\u00e8res, France, registered with the RCS of Amiens under the number 914 743 984 (\"Aeteos\" or \"Us\"). Aeteos [&hellip;]","og_url":"https:\/\/aeteos.com\/index.php\/privacy-policy\/","og_site_name":"Aeteos","article_modified_time":"2024-11-13T23:33:22+00:00","twitter_card":"summary_large_image","twitter_misc":{"Dur\u00e9e de lecture estim\u00e9e":"7 minutes"},"schema":{"@context":"https:\/\/schema.org","@graph":[{"@type":"WebPage","@id":"https:\/\/aeteos.com\/index.php\/privacy-policy\/","url":"https:\/\/aeteos.com\/index.php\/privacy-policy\/","name":"Privacy Policy - Aeteos","isPartOf":{"@id":"https:\/\/aeteos.com\/#website"},"datePublished":"2023-06-13T14:14:50+00:00","dateModified":"2024-11-13T23:33:22+00:00","breadcrumb":{"@id":"https:\/\/aeteos.com\/index.php\/privacy-policy\/#breadcrumb"},"inLanguage":"fr-FR","potentialAction":[{"@type":"ReadAction","target":["https:\/\/aeteos.com\/index.php\/privacy-policy\/"]}]},{"@type":"BreadcrumbList","@id":"https:\/\/aeteos.com\/index.php\/privacy-policy\/#breadcrumb","itemListElement":[{"@type":"ListItem","position":1,"name":"Home","item":"https:\/\/aeteos.com\/index.php\/fr\/accueil-2\/"},{"@type":"ListItem","position":2,"name":"Privacy Policy"}]},{"@type":"WebSite","@id":"https:\/\/aeteos.com\/#website","url":"https:\/\/aeteos.com\/","name":"Aeteos","description":"D&#039;abord l&#039;Homme puis la machine","publisher":{"@id":"https:\/\/aeteos.com\/#organization"},"potentialAction":[{"@type":"SearchAction","target":{"@type":"EntryPoint","urlTemplate":"https:\/\/aeteos.com\/?s={search_term_string}"},"query-input":{"@type":"PropertyValueSpecification","valueRequired":true,"valueName":"search_term_string"}}],"inLanguage":"fr-FR"},{"@type":"Organization","@id":"https:\/\/aeteos.com\/#organization","name":"Aeteos","url":"https:\/\/aeteos.com\/","logo":{"@type":"ImageObject","inLanguage":"fr-FR","@id":"https:\/\/aeteos.com\/#\/schema\/logo\/image\/","url":"https:\/\/aeteos.com\/wp-content\/uploads\/2023\/04\/cropped-Logo.jpg","contentUrl":"https:\/\/aeteos.com\/wp-content\/uploads\/2023\/04\/cropped-Logo.jpg","width":512,"height":512,"caption":"Aeteos"},"image":{"@id":"https:\/\/aeteos.com\/#\/schema\/logo\/image\/"}}]}},"_links":{"self":[{"href":"https:\/\/aeteos.com\/index.php\/wp-json\/wp\/v2\/pages\/349","targetHints":{"allow":["GET"]}}],"collection":[{"href":"https:\/\/aeteos.com\/index.php\/wp-json\/wp\/v2\/pages"}],"about":[{"href":"https:\/\/aeteos.com\/index.php\/wp-json\/wp\/v2\/types\/page"}],"author":[{"embeddable":true,"href":"https:\/\/aeteos.com\/index.php\/wp-json\/wp\/v2\/users\/2"}],"replies":[{"embeddable":true,"href":"https:\/\/aeteos.com\/index.php\/wp-json\/wp\/v2\/comments?post=349"}],"version-history":[{"count":6,"href":"https:\/\/aeteos.com\/index.php\/wp-json\/wp\/v2\/pages\/349\/revisions"}],"predecessor-version":[{"id":1857,"href":"https:\/\/aeteos.com\/index.php\/wp-json\/wp\/v2\/pages\/349\/revisions\/1857"}],"wp:attachment":[{"href":"https:\/\/aeteos.com\/index.php\/wp-json\/wp\/v2\/media?parent=349"}],"curies":[{"name":"wp","href":"https:\/\/api.w.org\/{rel}","templated":true}]}}